{"id":5683,"date":"2022-08-17T14:59:50","date_gmt":"2022-08-17T14:59:50","guid":{"rendered":"https:\/\/www.thelumiares.com\/?page_id=5683"},"modified":"2025-09-19T08:45:18","modified_gmt":"2025-09-19T08:45:18","slug":"instrucciones-del-horno","status":"publish","type":"page","link":"https:\/\/www.thelumiares.com\/es\/instrucciones-del-horno\/","title":{"rendered":"Instrucciones del horno"},"content":{"rendered":"<h2>Instrucciones del horno<\/h2>\n<p>&nbsp;<\/p>\n<p>&nbsp;<\/p>\n<h3><strong>Instrucciones generales<\/strong><\/h3>\n<p>&nbsp;<\/p>\n<p><span style=\"font-weight: 400;\">Paso 1 Presione el bot\u00f3n derecho para encender el horno<\/span><\/p>\n<p><span style=\"font-weight: 400;\">Paso 2 Por defecto, la primera funci\u00f3n que se muestra despu\u00e9s de encender el horno es el microondas. Incline el bot\u00f3n derecho para elegir la funci\u00f3n pretendida.<\/span><\/p>\n<p><span style=\"font-weight: 400;\">Paso 3 Configure la hora inclinando el bot\u00f3n izquierdo. Presionelo y ajuste la temperatura inclin\u00e1ndolo nuevamente.<\/span><\/p>\n<p><span style=\"font-weight: 400;\">Paso 4 Presione el bot\u00f3n derecho para comenzar.<\/span><\/p>\n<p><span style=\"font-weight: 400;\">Paso 5 Cuando termine. Apague el horno manteniendo presionado el bot\u00f3n derecho durante 3 segundos<\/span><\/p>\n<p>&nbsp;<\/p>\n<p>&nbsp;<\/p>\n<h3><strong>\u00bfC\u00f3mo cocinar una pizza congelada?<\/strong><\/h3>\n<p>&nbsp;<\/p>\n<p><span style=\"font-weight: 400;\">Paso 1 Presione el bot\u00f3n derecho para encender el horno<\/span><\/p>\n<p><span style=\"font-weight: 400;\">Paso 2 Por defecto, la primera funci\u00f3n que se muestra despu\u00e9s de encender el horno es el microondas. Incline el bot\u00f3n derecho hasta encontrar la funci\u00f3n \u00abest\u00e1tica\u00bb<\/span><\/p>\n<p><span style=\"font-weight: 400;\">Paso 3 Configure el tiempo inclinando el bot\u00f3n izquierdo a 10 minutos m\u00e1s de lo que se indica en el paquete de la pizza para precalentar el horno. Emp\u00fajelo y ajuste la temperatura (como se indica en el paquete) inclin\u00e1ndolo nuevamente.<\/span><\/p>\n<p><span style=\"font-weight: 400;\">Paso 4 Presione el bot\u00f3n derecho para comenzar.<\/span><\/p>\n<p><span style=\"font-weight: 400;\">Paso 5 Despu\u00e9s de 10 minutos, coloque la pizza dentro<\/span><\/p>\n<p><span style=\"font-weight: 400;\">Paso 6 Cu\u00e1ndo terminar, apague el horno manteniendo presionado el bot\u00f3n derecho durante 3 segundos<\/span><\/p>\n<p>&nbsp;<\/p>\n<p>&nbsp;<\/p>\n<h3><strong>\u00bfC\u00f3mo calentar alimentos para beb\u00e9s en el microondas?<\/strong><\/h3>\n<p>&nbsp;<\/p>\n<p><span style=\"font-weight: 400;\">Paso 1 Presione el bot\u00f3n derecho para encender el horno<\/span><\/p>\n<p><span style=\"font-weight: 400;\">Paso 2 Configure el tiempo inclinando el bot\u00f3n izquierdo a 2 minutos. Emp\u00fajelo y configure los vatios (como se indica en el paquete) inclin\u00e1ndolo nuevamente.<\/span><\/p>\n<p><span style=\"font-weight: 400;\">Paso 3 Presione el bot\u00f3n derecho para comenzar.<\/span><\/p>\n<p><span style=\"font-weight: 400;\">Paso 4 Remueva con una cuchara, compruebe la temperatura y repita los pasos anteriores, si es necesario.<\/span><\/p>\n<p><span style=\"font-weight: 400;\">Paso 5 Cu\u00e1ndo terminar, apague el horno manteniendo presionado el bot\u00f3n derecho durante 3 segundos<\/span><\/p>\n<p>&nbsp;<\/p>\n<p>&nbsp;<\/p>\n<h3><strong>\u00bfC\u00f3mo descongelar alimentos?<\/strong><\/h3>\n<p>&nbsp;<\/p>\n<p><span style=\"font-weight: 400;\">Paso 1 Presione el bot\u00f3n derecho para encender el horno<\/span><\/p>\n<p><span style=\"font-weight: 400;\">Paso 2 Por defecto, la primera funci\u00f3n que se muestra despu\u00e9s de encender el horno es el microondas. Incline el bot\u00f3n derecho hasta encontrar la funci\u00f3n \u00abdescongelar por peso\u00bb<\/span><\/p>\n<p><span style=\"font-weight: 400;\">Paso 3 Incline nuevamente para seleccionar el tipo de alimento a descongelar.<\/span><\/p>\n<p><span style=\"font-weight: 400;\">Paso 4 Incline el bot\u00f3n izquierdo para seleccionar el peso (en gramos) de los alimentos a descongelar. (vea m\u00e1s abajo las recomendaciones establecidas)<\/span><\/p>\n<p><span style=\"font-weight: 400;\">Paso 5 Presione el bot\u00f3n derecho para comenzar.<\/span><\/p>\n<p><span style=\"font-weight: 400;\">Paso 6 Cuando termine. Apague el horno manteniendo presionado el bot\u00f3n derecho durante 3 segundos<\/span><\/p>\n<p>&nbsp;<\/p>\n<p>&nbsp;<\/p>\n<h3><strong>Programas generales por tipo de comida<\/strong><\/h3>\n<p>&nbsp;<\/p>\n<p><img decoding=\"async\" class=\"alignnone size-full wp-image-5625 lazyload\" data-src=\"https:\/\/www.thelumiares.com\/wp-content\/uploads\/sites\/2\/2022\/08\/pasted-image-0.png\" alt=\"\" width=\"282\" height=\"225\" data-srcset=\"https:\/\/www.thelumiares.com\/wp-content\/uploads\/sites\/2\/2022\/08\/pasted-image-0.png 282w, https:\/\/www.thelumiares.com\/wp-content\/uploads\/sites\/2\/2022\/08\/pasted-image-0-88x70.png 88w\" data-sizes=\"(max-width: 282px) 100vw, 282px\" src=\"data:image\/svg+xml;base64,PHN2ZyB3aWR0aD0iMSIgaGVpZ2h0PSIxIiB4bWxucz0iaHR0cDovL3d3dy53My5vcmcvMjAwMC9zdmciPjwvc3ZnPg==\" style=\"--smush-placeholder-width: 282px; --smush-placeholder-aspect-ratio: 282\/225;\" \/><\/p>\n","protected":false},"excerpt":{"rendered":"<p>Instrucciones del horno &nbsp; &nbsp; Instrucciones generales &nbsp; Paso 1 Presione el bot\u00f3n derecho para encender el horno Paso 2 [&hellip;]<\/p>\n","protected":false},"author":1,"featured_media":0,"parent":0,"menu_order":0,"comment_status":"closed","ping_status":"closed","template":"","meta":{"_acf_changed":false,"footnotes":""},"class_list":["post-5683","page","type-page","status-publish","hentry"],"acf":[],"yoast_head":"<!-- This site is optimized with the Yoast SEO plugin v27.5 - https:\/\/yoast.com\/product\/yoast-seo-wordpress\/ -->\n<title>Instrucciones del horno - The Lumiares<\/title>\n<meta name=\"robots\" content=\"index, follow, max-snippet:-1, max-image-preview:large, max-video-preview:-1\" \/>\n<link rel=\"canonical\" href=\"https:\/\/www.thelumiares.com\/es\/instrucciones-del-horno\/\" \/>\n<meta property=\"og:locale\" content=\"es_ES\" \/>\n<meta property=\"og:type\" content=\"article\" \/>\n<meta property=\"og:title\" content=\"Instrucciones del horno - The Lumiares\" \/>\n<meta property=\"og:description\" content=\"Instrucciones del horno &nbsp; &nbsp; Instrucciones generales &nbsp; Paso 1 Presione el bot\u00f3n derecho para encender el horno Paso 2 [&hellip;]\" \/>\n<meta property=\"og:url\" content=\"https:\/\/www.thelumiares.com\/es\/instrucciones-del-horno\/\" \/>\n<meta property=\"og:site_name\" content=\"The Lumiares\" \/>\n<meta property=\"article:modified_time\" content=\"2025-09-19T08:45:18+00:00\" \/>\n<meta property=\"og:image\" content=\"https:\/\/www.thelumiares.com\/wp-content\/uploads\/sites\/2\/2022\/08\/pasted-image-0.png\" \/>\n<meta name=\"twitter:card\" content=\"summary_large_image\" \/>\n<meta name=\"twitter:label1\" content=\"Tiempo de lectura\" \/>\n\t<meta name=\"twitter:data1\" content=\"2 minutos\" \/>\n<script type=\"application\/ld+json\" class=\"yoast-schema-graph\">{\"@context\":\"https:\\\/\\\/schema.org\",\"@graph\":[{\"@type\":\"WebPage\",\"@id\":\"https:\\\/\\\/www.thelumiares.com\\\/es\\\/instrucciones-del-horno\\\/\",\"url\":\"https:\\\/\\\/www.thelumiares.com\\\/es\\\/instrucciones-del-horno\\\/\",\"name\":\"Instrucciones del horno - The Lumiares\",\"isPartOf\":{\"@id\":\"https:\\\/\\\/www.thelumiares.com\\\/es\\\/#website\"},\"primaryImageOfPage\":{\"@id\":\"https:\\\/\\\/www.thelumiares.com\\\/es\\\/instrucciones-del-horno\\\/#primaryimage\"},\"image\":{\"@id\":\"https:\\\/\\\/www.thelumiares.com\\\/es\\\/instrucciones-del-horno\\\/#primaryimage\"},\"thumbnailUrl\":\"https:\\\/\\\/www.thelumiares.com\\\/wp-content\\\/uploads\\\/sites\\\/2\\\/2022\\\/08\\\/pasted-image-0.png\",\"datePublished\":\"2022-08-17T14:59:50+00:00\",\"dateModified\":\"2025-09-19T08:45:18+00:00\",\"breadcrumb\":{\"@id\":\"https:\\\/\\\/www.thelumiares.com\\\/es\\\/instrucciones-del-horno\\\/#breadcrumb\"},\"inLanguage\":\"es\",\"potentialAction\":[{\"@type\":\"ReadAction\",\"target\":[\"https:\\\/\\\/www.thelumiares.com\\\/es\\\/instrucciones-del-horno\\\/\"]}]},{\"@type\":\"ImageObject\",\"inLanguage\":\"es\",\"@id\":\"https:\\\/\\\/www.thelumiares.com\\\/es\\\/instrucciones-del-horno\\\/#primaryimage\",\"url\":\"https:\\\/\\\/www.thelumiares.com\\\/wp-content\\\/uploads\\\/sites\\\/2\\\/2022\\\/08\\\/pasted-image-0.png\",\"contentUrl\":\"https:\\\/\\\/www.thelumiares.com\\\/wp-content\\\/uploads\\\/sites\\\/2\\\/2022\\\/08\\\/pasted-image-0.png\"},{\"@type\":\"BreadcrumbList\",\"@id\":\"https:\\\/\\\/www.thelumiares.com\\\/es\\\/instrucciones-del-horno\\\/#breadcrumb\",\"itemListElement\":[{\"@type\":\"ListItem\",\"position\":1,\"name\":\"Home\",\"item\":\"https:\\\/\\\/www.thelumiares.com\\\/es\\\/\"},{\"@type\":\"ListItem\",\"position\":2,\"name\":\"Instrucciones del horno\"}]},{\"@type\":\"WebSite\",\"@id\":\"https:\\\/\\\/www.thelumiares.com\\\/es\\\/#website\",\"url\":\"https:\\\/\\\/www.thelumiares.com\\\/es\\\/\",\"name\":\"The Lumiares\",\"description\":\"\",\"potentialAction\":[{\"@type\":\"SearchAction\",\"target\":{\"@type\":\"EntryPoint\",\"urlTemplate\":\"https:\\\/\\\/www.thelumiares.com\\\/es\\\/?s={search_term_string}\"},\"query-input\":{\"@type\":\"PropertyValueSpecification\",\"valueRequired\":true,\"valueName\":\"search_term_string\"}}],\"inLanguage\":\"es\"}]}<\/script>\n<!-- \/ Yoast SEO plugin. -->","yoast_head_json":{"title":"Instrucciones del horno - The Lumiares","robots":{"index":"index","follow":"follow","max-snippet":"max-snippet:-1","max-image-preview":"max-image-preview:large","max-video-preview":"max-video-preview:-1"},"canonical":"https:\/\/www.thelumiares.com\/es\/instrucciones-del-horno\/","og_locale":"es_ES","og_type":"article","og_title":"Instrucciones del horno - The Lumiares","og_description":"Instrucciones del horno &nbsp; &nbsp; Instrucciones generales &nbsp; Paso 1 Presione el bot\u00f3n derecho para encender el horno Paso 2 [&hellip;]","og_url":"https:\/\/www.thelumiares.com\/es\/instrucciones-del-horno\/","og_site_name":"The Lumiares","article_modified_time":"2025-09-19T08:45:18+00:00","og_image":[{"url":"https:\/\/www.thelumiares.com\/wp-content\/uploads\/sites\/2\/2022\/08\/pasted-image-0.png","type":"","width":"","height":""}],"twitter_card":"summary_large_image","twitter_misc":{"Tiempo de lectura":"2 minutos"},"schema":{"@context":"https:\/\/schema.org","@graph":[{"@type":"WebPage","@id":"https:\/\/www.thelumiares.com\/es\/instrucciones-del-horno\/","url":"https:\/\/www.thelumiares.com\/es\/instrucciones-del-horno\/","name":"Instrucciones del horno - The Lumiares","isPartOf":{"@id":"https:\/\/www.thelumiares.com\/es\/#website"},"primaryImageOfPage":{"@id":"https:\/\/www.thelumiares.com\/es\/instrucciones-del-horno\/#primaryimage"},"image":{"@id":"https:\/\/www.thelumiares.com\/es\/instrucciones-del-horno\/#primaryimage"},"thumbnailUrl":"https:\/\/www.thelumiares.com\/wp-content\/uploads\/sites\/2\/2022\/08\/pasted-image-0.png","datePublished":"2022-08-17T14:59:50+00:00","dateModified":"2025-09-19T08:45:18+00:00","breadcrumb":{"@id":"https:\/\/www.thelumiares.com\/es\/instrucciones-del-horno\/#breadcrumb"},"inLanguage":"es","potentialAction":[{"@type":"ReadAction","target":["https:\/\/www.thelumiares.com\/es\/instrucciones-del-horno\/"]}]},{"@type":"ImageObject","inLanguage":"es","@id":"https:\/\/www.thelumiares.com\/es\/instrucciones-del-horno\/#primaryimage","url":"https:\/\/www.thelumiares.com\/wp-content\/uploads\/sites\/2\/2022\/08\/pasted-image-0.png","contentUrl":"https:\/\/www.thelumiares.com\/wp-content\/uploads\/sites\/2\/2022\/08\/pasted-image-0.png"},{"@type":"BreadcrumbList","@id":"https:\/\/www.thelumiares.com\/es\/instrucciones-del-horno\/#breadcrumb","itemListElement":[{"@type":"ListItem","position":1,"name":"Home","item":"https:\/\/www.thelumiares.com\/es\/"},{"@type":"ListItem","position":2,"name":"Instrucciones del horno"}]},{"@type":"WebSite","@id":"https:\/\/www.thelumiares.com\/es\/#website","url":"https:\/\/www.thelumiares.com\/es\/","name":"The Lumiares","description":"","potentialAction":[{"@type":"SearchAction","target":{"@type":"EntryPoint","urlTemplate":"https:\/\/www.thelumiares.com\/es\/?s={search_term_string}"},"query-input":{"@type":"PropertyValueSpecification","valueRequired":true,"valueName":"search_term_string"}}],"inLanguage":"es"}]}},"_links":{"self":[{"href":"https:\/\/www.thelumiares.com\/es\/wp-json\/wp\/v2\/pages\/5683","targetHints":{"allow":["GET"]}}],"collection":[{"href":"https:\/\/www.thelumiares.com\/es\/wp-json\/wp\/v2\/pages"}],"about":[{"href":"https:\/\/www.thelumiares.com\/es\/wp-json\/wp\/v2\/types\/page"}],"author":[{"embeddable":true,"href":"https:\/\/www.thelumiares.com\/es\/wp-json\/wp\/v2\/users\/1"}],"replies":[{"embeddable":true,"href":"https:\/\/www.thelumiares.com\/es\/wp-json\/wp\/v2\/comments?post=5683"}],"version-history":[{"count":0,"href":"https:\/\/www.thelumiares.com\/es\/wp-json\/wp\/v2\/pages\/5683\/revisions"}],"wp:attachment":[{"href":"https:\/\/www.thelumiares.com\/es\/wp-json\/wp\/v2\/media?parent=5683"}],"curies":[{"name":"wp","href":"https:\/\/api.w.org\/{rel}","templated":true}]}}