{"id":7936,"date":"2024-08-07T12:49:06","date_gmt":"2024-08-07T12:49:06","guid":{"rendered":"https:\/\/www.thelumiares.com\/?page_id=7936"},"modified":"2024-09-10T11:30:31","modified_gmt":"2024-09-10T11:30:31","slug":"sostenibilidad","status":"publish","type":"page","link":"https:\/\/www.thelumiares.com\/es\/sostenibilidad\/","title":{"rendered":"Sostenibilidad"},"content":{"rendered":"<p style=\"text-align: center;\">La Madre Tierra ha sido una anfitriona acogedora para nosotros los humanos. Ya es hora de que le mostremos el mismo respeto.<\/p>\n<p>&nbsp;<\/p>\n<p style=\"text-align: center;\">Nuestro mundo no necesita m\u00e1s edificios, necesita que se cuiden los que ya son testimonio del pasado\u2026y en eso estamos.<\/p>\n<p>&nbsp;<\/p>\n<p style=\"text-align: center;\">No s\u00f3lo invertimos conscientemente en edificios patrimoniales, sino que los renovamos y rehabilitamos de forma que se minimice nuestro impacto medioambiental y social. Para nuestros hu\u00e9spedes. Para nuestra ciudad. Para el mundo.<\/p>\n<p>&nbsp;<\/p>\n<p style=\"text-align: center;\">Toda la familia Bomporto est\u00e1 comprometida con la sostenibilidad. Y no son s\u00f3lo palabras vac\u00edas. Forma parte de nuestra cultura.<\/p>\n<p>&nbsp;<\/p>\n<p style=\"text-align: center;\">Haga clic <strong><a href=\"https:\/\/www.thelumiares.com\/wp-content\/uploads\/sites\/2\/2024\/09\/Sustainability-Factsheets_Lumiares_set24_ES.pdf\" target=\"_blank\" rel=\"noopener\">aqu\u00ed<\/a><\/strong> para leer la ficha de sostenibilidad de The Lumiares.<\/p>\n<p style=\"text-align: center;\">Haga clic <strong><a href=\"https:\/\/www.thelumiares.com\/wp-content\/uploads\/sites\/2\/2024\/08\/Bomportos-Planet-Pledge_PT.pdf\" target=\"_blank\" rel=\"noopener\">aqu\u00ed<\/a> <\/strong>para leer en detalle el Compromiso Planetario de Bomporto.<\/p>\n","protected":false},"excerpt":{"rendered":"<p>La Madre Tierra ha sido una anfitriona acogedora para nosotros los humanos. Ya es hora de que le mostremos el [&hellip;]<\/p>\n","protected":false},"author":1,"featured_media":0,"parent":0,"menu_order":0,"comment_status":"closed","ping_status":"closed","template":"templates\/sustainability-template.php","meta":{"_acf_changed":false,"footnotes":""},"class_list":["post-7936","page","type-page","status-publish","hentry"],"acf":[],"yoast_head":"<!-- This site is optimized with the Yoast SEO plugin v27.3 - https:\/\/yoast.com\/product\/yoast-seo-wordpress\/ -->\n<title>Sostenibilidad - The Lumiares<\/title>\n<meta name=\"description\" content=\"Nuestro grupo hotelero est\u00e1 comprometido con la sostenibilidad. Y no son s\u00f3lo palabras vac\u00edas. Forma parte de nuestra cultura.\" \/>\n<meta name=\"robots\" content=\"index, follow, max-snippet:-1, max-image-preview:large, max-video-preview:-1\" \/>\n<link rel=\"canonical\" href=\"https:\/\/www.thelumiares.com\/es\/sostenibilidad\/\" \/>\n<meta property=\"og:locale\" content=\"es_ES\" \/>\n<meta property=\"og:type\" content=\"article\" \/>\n<meta property=\"og:title\" content=\"Sostenibilidad - The Lumiares\" \/>\n<meta property=\"og:description\" content=\"Nuestro grupo hotelero est\u00e1 comprometido con la sostenibilidad. Y no son s\u00f3lo palabras vac\u00edas. Forma parte de nuestra cultura.\" \/>\n<meta property=\"og:url\" content=\"https:\/\/www.thelumiares.com\/es\/sostenibilidad\/\" \/>\n<meta property=\"og:site_name\" content=\"The Lumiares\" \/>\n<meta property=\"article:modified_time\" content=\"2024-09-10T11:30:31+00:00\" \/>\n<meta name=\"twitter:card\" content=\"summary_large_image\" \/>\n<meta name=\"twitter:label1\" content=\"Tiempo de lectura\" \/>\n\t<meta name=\"twitter:data1\" content=\"1 minuto\" \/>\n<script type=\"application\/ld+json\" class=\"yoast-schema-graph\">{\"@context\":\"https:\\\/\\\/schema.org\",\"@graph\":[{\"@type\":\"WebPage\",\"@id\":\"https:\\\/\\\/www.thelumiares.com\\\/es\\\/sostenibilidad\\\/\",\"url\":\"https:\\\/\\\/www.thelumiares.com\\\/es\\\/sostenibilidad\\\/\",\"name\":\"Sostenibilidad - The Lumiares\",\"isPartOf\":{\"@id\":\"https:\\\/\\\/www.thelumiares.com\\\/es\\\/#website\"},\"datePublished\":\"2024-08-07T12:49:06+00:00\",\"dateModified\":\"2024-09-10T11:30:31+00:00\",\"description\":\"Nuestro grupo hotelero est\u00e1 comprometido con la sostenibilidad. Y no son s\u00f3lo palabras vac\u00edas. Forma parte de nuestra cultura.\",\"breadcrumb\":{\"@id\":\"https:\\\/\\\/www.thelumiares.com\\\/es\\\/sostenibilidad\\\/#breadcrumb\"},\"inLanguage\":\"es\",\"potentialAction\":[{\"@type\":\"ReadAction\",\"target\":[\"https:\\\/\\\/www.thelumiares.com\\\/es\\\/sostenibilidad\\\/\"]}]},{\"@type\":\"BreadcrumbList\",\"@id\":\"https:\\\/\\\/www.thelumiares.com\\\/es\\\/sostenibilidad\\\/#breadcrumb\",\"itemListElement\":[{\"@type\":\"ListItem\",\"position\":1,\"name\":\"Home\",\"item\":\"https:\\\/\\\/www.thelumiares.com\\\/es\\\/\"},{\"@type\":\"ListItem\",\"position\":2,\"name\":\"Sostenibilidad\"}]},{\"@type\":\"WebSite\",\"@id\":\"https:\\\/\\\/www.thelumiares.com\\\/es\\\/#website\",\"url\":\"https:\\\/\\\/www.thelumiares.com\\\/es\\\/\",\"name\":\"The Lumiares\",\"description\":\"\",\"potentialAction\":[{\"@type\":\"SearchAction\",\"target\":{\"@type\":\"EntryPoint\",\"urlTemplate\":\"https:\\\/\\\/www.thelumiares.com\\\/es\\\/?s={search_term_string}\"},\"query-input\":{\"@type\":\"PropertyValueSpecification\",\"valueRequired\":true,\"valueName\":\"search_term_string\"}}],\"inLanguage\":\"es\"}]}<\/script>\n<!-- \/ Yoast SEO plugin. -->","yoast_head_json":{"title":"Sostenibilidad - The Lumiares","description":"Nuestro grupo hotelero est\u00e1 comprometido con la sostenibilidad. Y no son s\u00f3lo palabras vac\u00edas. Forma parte de nuestra cultura.","robots":{"index":"index","follow":"follow","max-snippet":"max-snippet:-1","max-image-preview":"max-image-preview:large","max-video-preview":"max-video-preview:-1"},"canonical":"https:\/\/www.thelumiares.com\/es\/sostenibilidad\/","og_locale":"es_ES","og_type":"article","og_title":"Sostenibilidad - The Lumiares","og_description":"Nuestro grupo hotelero est\u00e1 comprometido con la sostenibilidad. Y no son s\u00f3lo palabras vac\u00edas. Forma parte de nuestra cultura.","og_url":"https:\/\/www.thelumiares.com\/es\/sostenibilidad\/","og_site_name":"The Lumiares","article_modified_time":"2024-09-10T11:30:31+00:00","twitter_card":"summary_large_image","twitter_misc":{"Tiempo de lectura":"1 minuto"},"schema":{"@context":"https:\/\/schema.org","@graph":[{"@type":"WebPage","@id":"https:\/\/www.thelumiares.com\/es\/sostenibilidad\/","url":"https:\/\/www.thelumiares.com\/es\/sostenibilidad\/","name":"Sostenibilidad - The Lumiares","isPartOf":{"@id":"https:\/\/www.thelumiares.com\/es\/#website"},"datePublished":"2024-08-07T12:49:06+00:00","dateModified":"2024-09-10T11:30:31+00:00","description":"Nuestro grupo hotelero est\u00e1 comprometido con la sostenibilidad. Y no son s\u00f3lo palabras vac\u00edas. Forma parte de nuestra cultura.","breadcrumb":{"@id":"https:\/\/www.thelumiares.com\/es\/sostenibilidad\/#breadcrumb"},"inLanguage":"es","potentialAction":[{"@type":"ReadAction","target":["https:\/\/www.thelumiares.com\/es\/sostenibilidad\/"]}]},{"@type":"BreadcrumbList","@id":"https:\/\/www.thelumiares.com\/es\/sostenibilidad\/#breadcrumb","itemListElement":[{"@type":"ListItem","position":1,"name":"Home","item":"https:\/\/www.thelumiares.com\/es\/"},{"@type":"ListItem","position":2,"name":"Sostenibilidad"}]},{"@type":"WebSite","@id":"https:\/\/www.thelumiares.com\/es\/#website","url":"https:\/\/www.thelumiares.com\/es\/","name":"The Lumiares","description":"","potentialAction":[{"@type":"SearchAction","target":{"@type":"EntryPoint","urlTemplate":"https:\/\/www.thelumiares.com\/es\/?s={search_term_string}"},"query-input":{"@type":"PropertyValueSpecification","valueRequired":true,"valueName":"search_term_string"}}],"inLanguage":"es"}]}},"_links":{"self":[{"href":"https:\/\/www.thelumiares.com\/es\/wp-json\/wp\/v2\/pages\/7936","targetHints":{"allow":["GET"]}}],"collection":[{"href":"https:\/\/www.thelumiares.com\/es\/wp-json\/wp\/v2\/pages"}],"about":[{"href":"https:\/\/www.thelumiares.com\/es\/wp-json\/wp\/v2\/types\/page"}],"author":[{"embeddable":true,"href":"https:\/\/www.thelumiares.com\/es\/wp-json\/wp\/v2\/users\/1"}],"replies":[{"embeddable":true,"href":"https:\/\/www.thelumiares.com\/es\/wp-json\/wp\/v2\/comments?post=7936"}],"version-history":[{"count":0,"href":"https:\/\/www.thelumiares.com\/es\/wp-json\/wp\/v2\/pages\/7936\/revisions"}],"wp:attachment":[{"href":"https:\/\/www.thelumiares.com\/es\/wp-json\/wp\/v2\/media?parent=7936"}],"curies":[{"name":"wp","href":"https:\/\/api.w.org\/{rel}","templated":true}]}}