{"id":2598,"date":"2019-08-29T11:29:37","date_gmt":"2019-08-29T10:29:37","guid":{"rendered":"https:\/\/www.thelumiares.com\/contact\/"},"modified":"2026-03-23T12:14:25","modified_gmt":"2026-03-23T12:14:25","slug":"contacto","status":"publish","type":"page","link":"https:\/\/www.thelumiares.com\/pt-pt\/contacto\/","title":{"rendered":"Contacto"},"content":{"rendered":"<h2>CONTACTE-NOS<\/h2>\n<p class=\"Normal1\"><span lang=\"PT\">A nossa equipa ter\u00e1 o maior goston em esclarecer quaisquer d\u00favidas que possa ter sobre o The Lumiares. Contacte-nos utilizando o formul\u00e1rio abaixo.<\/span><\/p>\n","protected":false},"excerpt":{"rendered":"<p>CONTACTE-NOS A nossa equipa ter\u00e1 o maior goston em esclarecer quaisquer d\u00favidas que possa ter sobre o The Lumiares. Contacte-nos [&hellip;]<\/p>\n","protected":false},"author":1,"featured_media":0,"parent":0,"menu_order":0,"comment_status":"closed","ping_status":"closed","template":"templates\/contact-template.php","meta":{"_acf_changed":false,"footnotes":""},"class_list":["post-2598","page","type-page","status-publish","hentry"],"acf":[],"yoast_head":"<!-- This site is optimized with the Yoast SEO plugin v27.3 - https:\/\/yoast.com\/product\/yoast-seo-wordpress\/ -->\n<title>Contacte-nos - The Lumiares 5* Hotel &amp; Spa - Bairro Alto<\/title>\n<meta name=\"description\" content=\"A nossa equipa ter\u00e1 todo o prazer em esclarecer quaisquer d\u00favidas que possa ter sobre o The Lumiares. Contacte-nos atrav\u00e9s do formul\u00e1rio.\" \/>\n<meta name=\"robots\" content=\"index, follow, max-snippet:-1, max-image-preview:large, max-video-preview:-1\" \/>\n<link rel=\"canonical\" href=\"https:\/\/www.thelumiares.com\/pt-pt\/contacto\/\" \/>\n<meta property=\"og:locale\" content=\"pt_PT\" \/>\n<meta property=\"og:type\" content=\"article\" \/>\n<meta property=\"og:title\" content=\"Contacte-nos - The Lumiares 5* Hotel &amp; Spa - Bairro Alto\" \/>\n<meta property=\"og:description\" content=\"A nossa equipa ter\u00e1 todo o prazer em esclarecer quaisquer d\u00favidas que possa ter sobre o The Lumiares. Contacte-nos atrav\u00e9s do formul\u00e1rio.\" \/>\n<meta property=\"og:url\" content=\"https:\/\/www.thelumiares.com\/pt-pt\/contacto\/\" \/>\n<meta property=\"og:site_name\" content=\"The Lumiares\" \/>\n<meta property=\"article:modified_time\" content=\"2026-03-23T12:14:25+00:00\" \/>\n<meta name=\"twitter:card\" content=\"summary_large_image\" \/>\n<meta name=\"twitter:label1\" content=\"Tempo estimado de leitura\" \/>\n\t<meta name=\"twitter:data1\" content=\"1 minuto\" \/>\n<script type=\"application\/ld+json\" class=\"yoast-schema-graph\">{\"@context\":\"https:\\\/\\\/schema.org\",\"@graph\":[{\"@type\":\"WebPage\",\"@id\":\"https:\\\/\\\/www.thelumiares.com\\\/pt-pt\\\/contacto\\\/\",\"url\":\"https:\\\/\\\/www.thelumiares.com\\\/pt-pt\\\/contacto\\\/\",\"name\":\"Contacte-nos - The Lumiares 5* Hotel & Spa - Bairro Alto\",\"isPartOf\":{\"@id\":\"https:\\\/\\\/www.thelumiares.com\\\/pt-pt\\\/#website\"},\"datePublished\":\"2019-08-29T10:29:37+00:00\",\"dateModified\":\"2026-03-23T12:14:25+00:00\",\"description\":\"A nossa equipa ter\u00e1 todo o prazer em esclarecer quaisquer d\u00favidas que possa ter sobre o The Lumiares. Contacte-nos atrav\u00e9s do formul\u00e1rio.\",\"breadcrumb\":{\"@id\":\"https:\\\/\\\/www.thelumiares.com\\\/pt-pt\\\/contacto\\\/#breadcrumb\"},\"inLanguage\":\"pt-PT\",\"potentialAction\":[{\"@type\":\"ReadAction\",\"target\":[\"https:\\\/\\\/www.thelumiares.com\\\/pt-pt\\\/contacto\\\/\"]}]},{\"@type\":\"BreadcrumbList\",\"@id\":\"https:\\\/\\\/www.thelumiares.com\\\/pt-pt\\\/contacto\\\/#breadcrumb\",\"itemListElement\":[{\"@type\":\"ListItem\",\"position\":1,\"name\":\"Home\",\"item\":\"https:\\\/\\\/www.thelumiares.com\\\/pt-pt\\\/\"},{\"@type\":\"ListItem\",\"position\":2,\"name\":\"Contacto\"}]},{\"@type\":\"WebSite\",\"@id\":\"https:\\\/\\\/www.thelumiares.com\\\/pt-pt\\\/#website\",\"url\":\"https:\\\/\\\/www.thelumiares.com\\\/pt-pt\\\/\",\"name\":\"The Lumiares\",\"description\":\"\",\"potentialAction\":[{\"@type\":\"SearchAction\",\"target\":{\"@type\":\"EntryPoint\",\"urlTemplate\":\"https:\\\/\\\/www.thelumiares.com\\\/pt-pt\\\/?s={search_term_string}\"},\"query-input\":{\"@type\":\"PropertyValueSpecification\",\"valueRequired\":true,\"valueName\":\"search_term_string\"}}],\"inLanguage\":\"pt-PT\"}]}<\/script>\n<!-- \/ Yoast SEO plugin. -->","yoast_head_json":{"title":"Contacte-nos - The Lumiares 5* Hotel & Spa - Bairro Alto","description":"A nossa equipa ter\u00e1 todo o prazer em esclarecer quaisquer d\u00favidas que possa ter sobre o The Lumiares. Contacte-nos atrav\u00e9s do formul\u00e1rio.","robots":{"index":"index","follow":"follow","max-snippet":"max-snippet:-1","max-image-preview":"max-image-preview:large","max-video-preview":"max-video-preview:-1"},"canonical":"https:\/\/www.thelumiares.com\/pt-pt\/contacto\/","og_locale":"pt_PT","og_type":"article","og_title":"Contacte-nos - The Lumiares 5* Hotel & Spa - Bairro Alto","og_description":"A nossa equipa ter\u00e1 todo o prazer em esclarecer quaisquer d\u00favidas que possa ter sobre o The Lumiares. Contacte-nos atrav\u00e9s do formul\u00e1rio.","og_url":"https:\/\/www.thelumiares.com\/pt-pt\/contacto\/","og_site_name":"The Lumiares","article_modified_time":"2026-03-23T12:14:25+00:00","twitter_card":"summary_large_image","twitter_misc":{"Tempo estimado de leitura":"1 minuto"},"schema":{"@context":"https:\/\/schema.org","@graph":[{"@type":"WebPage","@id":"https:\/\/www.thelumiares.com\/pt-pt\/contacto\/","url":"https:\/\/www.thelumiares.com\/pt-pt\/contacto\/","name":"Contacte-nos - The Lumiares 5* Hotel & Spa - Bairro Alto","isPartOf":{"@id":"https:\/\/www.thelumiares.com\/pt-pt\/#website"},"datePublished":"2019-08-29T10:29:37+00:00","dateModified":"2026-03-23T12:14:25+00:00","description":"A nossa equipa ter\u00e1 todo o prazer em esclarecer quaisquer d\u00favidas que possa ter sobre o The Lumiares. Contacte-nos atrav\u00e9s do formul\u00e1rio.","breadcrumb":{"@id":"https:\/\/www.thelumiares.com\/pt-pt\/contacto\/#breadcrumb"},"inLanguage":"pt-PT","potentialAction":[{"@type":"ReadAction","target":["https:\/\/www.thelumiares.com\/pt-pt\/contacto\/"]}]},{"@type":"BreadcrumbList","@id":"https:\/\/www.thelumiares.com\/pt-pt\/contacto\/#breadcrumb","itemListElement":[{"@type":"ListItem","position":1,"name":"Home","item":"https:\/\/www.thelumiares.com\/pt-pt\/"},{"@type":"ListItem","position":2,"name":"Contacto"}]},{"@type":"WebSite","@id":"https:\/\/www.thelumiares.com\/pt-pt\/#website","url":"https:\/\/www.thelumiares.com\/pt-pt\/","name":"The Lumiares","description":"","potentialAction":[{"@type":"SearchAction","target":{"@type":"EntryPoint","urlTemplate":"https:\/\/www.thelumiares.com\/pt-pt\/?s={search_term_string}"},"query-input":{"@type":"PropertyValueSpecification","valueRequired":true,"valueName":"search_term_string"}}],"inLanguage":"pt-PT"}]}},"_links":{"self":[{"href":"https:\/\/www.thelumiares.com\/pt-pt\/wp-json\/wp\/v2\/pages\/2598","targetHints":{"allow":["GET"]}}],"collection":[{"href":"https:\/\/www.thelumiares.com\/pt-pt\/wp-json\/wp\/v2\/pages"}],"about":[{"href":"https:\/\/www.thelumiares.com\/pt-pt\/wp-json\/wp\/v2\/types\/page"}],"author":[{"embeddable":true,"href":"https:\/\/www.thelumiares.com\/pt-pt\/wp-json\/wp\/v2\/users\/1"}],"replies":[{"embeddable":true,"href":"https:\/\/www.thelumiares.com\/pt-pt\/wp-json\/wp\/v2\/comments?post=2598"}],"version-history":[{"count":0,"href":"https:\/\/www.thelumiares.com\/pt-pt\/wp-json\/wp\/v2\/pages\/2598\/revisions"}],"wp:attachment":[{"href":"https:\/\/www.thelumiares.com\/pt-pt\/wp-json\/wp\/v2\/media?parent=2598"}],"curies":[{"name":"wp","href":"https:\/\/api.w.org\/{rel}","templated":true}]}}