{"id":5681,"date":"2022-08-17T14:52:15","date_gmt":"2022-08-17T14:52:15","guid":{"rendered":"https:\/\/www.thelumiares.com\/?page_id=5681"},"modified":"2025-09-19T08:44:55","modified_gmt":"2025-09-19T08:44:55","slug":"instrucoes-do-forno","status":"publish","type":"page","link":"https:\/\/www.thelumiares.com\/pt-pt\/instrucoes-do-forno\/","title":{"rendered":"Instru\u00e7\u00f5es do Forno"},"content":{"rendered":"<h2>Instru\u00e7\u00f5es do Forno<\/h2>\n<p>&nbsp;<\/p>\n<p>&nbsp;<\/p>\n<h3><strong>Instru\u00e7\u00f5es Gerais<\/strong><\/h3>\n<p>&nbsp;<\/p>\n<p><span style=\"font-weight: 400;\">Passo 1 Pressione o bot\u00e3o direito para ligar o forno<\/span><\/p>\n<p><span style=\"font-weight: 400;\">Passo 2 Por defeito, a primeira fun\u00e7\u00e3o exibida depois de ligar o forno \u00e9 a fun\u00e7\u00e3o de microondas. Rode o bot\u00e3o direito at\u00e9 aparecer a fun\u00e7\u00e3o pretendida.<\/span><\/p>\n<p><span style=\"font-weight: 400;\">Passo 3 Defina o tempo rodando o bot\u00e3o esquerdo. Pressione o bot\u00e3o e regule a temperatura rodando o mesmo.<\/span><\/p>\n<p><span style=\"font-weight: 400;\">Passo 4 Pressione o bot\u00e3o direito para iniciar o programa<\/span><\/p>\n<p><span style=\"font-weight: 400;\">Passo 5 When finished. Turn the oven off by pressing and holding the right button for 3 seconds<\/span><\/p>\n<p><span style=\"font-weight: 400;\">Passo 5 Quando terminado o programa, desligue o forno pressionando o bot\u00e3o direito por 3 segundos.<\/span><\/p>\n<p>&nbsp;<\/p>\n<p>&nbsp;<\/p>\n<h3><strong>Como cozinhar uma pizza congelada?<\/strong><\/h3>\n<p>&nbsp;<\/p>\n<p><span style=\"font-weight: 400;\">Passo 1 Pressione o bot\u00e3o direito para ligar o forno<\/span><\/p>\n<p><span style=\"font-weight: 400;\">Passo 2\u00a0 Por defeito, a primeira fun\u00e7\u00e3o exibida ap\u00f3s ligar o forno \u00e9 o microondas. Incline o bot\u00e3o direito at\u00e9 encontrar a fun\u00e7\u00e3o &#8220;Static&#8221;.<\/span><\/p>\n<p><span style=\"font-weight: 400;\">Passo 3 Rode o bot\u00e3o esquerdo para ajustar o tempo. Pressione e regule a temperatura (conforme informado na embalagem), rondando novamente.<\/span><\/p>\n<p><span style=\"font-weight: 400;\">Nota: adicione 10 minutos ao tempo informado na embalagem da pizza para pr\u00e9-aquecer o forno.\u00a0<\/span><\/p>\n<p><span style=\"font-weight: 400;\">Passo 4 Pressione o bot\u00e3o direito para iniciar o programa<\/span><\/p>\n<p><span style=\"font-weight: 400;\">Passo 5 Depois dos 10 minutos de pr\u00e9-aquecimento, coloque a pizza dentro do forno<\/span><\/p>\n<p><span style=\"font-weight: 400;\">Passo 6 Quando terminar de cozer a pizza, desligue o forno pressionando o bot\u00e3o direito por 3 segundos.<\/span><\/p>\n<p>&nbsp;<\/p>\n<p>&nbsp;<\/p>\n<h3><strong>Como aquecer comida de beb\u00e9?<\/strong><\/h3>\n<p>&nbsp;<\/p>\n<p><span style=\"font-weight: 400;\">Passo 1 Pressione o bot\u00e3o direito para ligar o forno<\/span><\/p>\n<p><span style=\"font-weight: 400;\">Passo 2 Defina o tempo para 2 minutos (aproximadamente) rodando o bot\u00e3o esquerdo. Pressione e defina os watts (como informado na embalagem), rodando novamente.<\/span><\/p>\n<p><span style=\"font-weight: 400;\">Passo 3 Carregue no bot\u00e3o direito para iniciar o programa.<\/span><\/p>\n<p><span style=\"font-weight: 400;\">Passo 4 Mexer com uma colher, verificar a temperatura e repetir os passos anteriores, se necess\u00e1rio.<\/span><\/p>\n<p><span style=\"font-weight: 400;\">Passo 6 Quando terminar, desligue o forno pressionando o bot\u00e3o direito por 3 segundos.<\/span><\/p>\n<p>&nbsp;<\/p>\n<p>&nbsp;<\/p>\n<h3><b>Como descongelar comida?<\/b><\/h3>\n<p>&nbsp;<\/p>\n<p><span style=\"font-weight: 400;\">Passo 1 Premir o bot\u00e3o direito para ligar o forno<\/span><\/p>\n<p><span style=\"font-weight: 400;\">Passo 2 Por defeito, a primeira fun\u00e7\u00e3o exibida ap\u00f3s ligar o forno \u00e9 o microondas. Rodar o bot\u00e3o direito at\u00e9 encontrar a fun\u00e7\u00e3o &#8220;descongelar por peso&#8221;.<\/span><\/p>\n<p><span style=\"font-weight: 400;\">Passo 3 Rode novamente para seleccionar o tipo de alimento a descongelar.<\/span><\/p>\n<p><span style=\"font-weight: 400;\">Passo 4 Rode o bot\u00e3o esquerdo para selecionar o peso (em gramas) do alimento a descongelar. (ver abaixo as recomenda\u00e7\u00f5es gerais)<\/span><\/p>\n<p><span style=\"font-weight: 400;\">Passo 5 Pressione o bot\u00e3o direito para come\u00e7ar.<\/span><\/p>\n<p><span style=\"font-weight: 400;\">Passo 6 Quando terminar, desligue o forno pressionando o bot\u00e3o direito por 3 segundos.<\/span><\/p>\n<p>&nbsp;<\/p>\n<p>&nbsp;<\/p>\n<h3><strong>Programas gerais por tipo de alimento<\/strong><\/h3>\n<p>&nbsp;<\/p>\n<p><img decoding=\"async\" class=\"alignnone size-full wp-image-5625 lazyload\" data-src=\"https:\/\/www.thelumiares.com\/wp-content\/uploads\/sites\/2\/2022\/08\/pasted-image-0.png\" alt=\"\" width=\"282\" height=\"225\" data-srcset=\"https:\/\/www.thelumiares.com\/wp-content\/uploads\/sites\/2\/2022\/08\/pasted-image-0.png 282w, https:\/\/www.thelumiares.com\/wp-content\/uploads\/sites\/2\/2022\/08\/pasted-image-0-88x70.png 88w\" data-sizes=\"(max-width: 282px) 100vw, 282px\" src=\"data:image\/svg+xml;base64,PHN2ZyB3aWR0aD0iMSIgaGVpZ2h0PSIxIiB4bWxucz0iaHR0cDovL3d3dy53My5vcmcvMjAwMC9zdmciPjwvc3ZnPg==\" style=\"--smush-placeholder-width: 282px; --smush-placeholder-aspect-ratio: 282\/225;\" \/><\/p>\n","protected":false},"excerpt":{"rendered":"<p>Instru\u00e7\u00f5es do Forno &nbsp; &nbsp; Instru\u00e7\u00f5es Gerais &nbsp; Passo 1 Pressione o bot\u00e3o direito para ligar o forno Passo 2 [&hellip;]<\/p>\n","protected":false},"author":1,"featured_media":0,"parent":0,"menu_order":0,"comment_status":"closed","ping_status":"closed","template":"","meta":{"_acf_changed":false,"footnotes":""},"class_list":["post-5681","page","type-page","status-publish","hentry"],"acf":[],"yoast_head":"<!-- This site is optimized with the Yoast SEO plugin v27.5 - https:\/\/yoast.com\/product\/yoast-seo-wordpress\/ -->\n<title>Instru\u00e7\u00f5es do Forno - The Lumiares<\/title>\n<meta name=\"robots\" content=\"index, follow, max-snippet:-1, max-image-preview:large, max-video-preview:-1\" \/>\n<link rel=\"canonical\" href=\"https:\/\/www.thelumiares.com\/pt-pt\/instrucoes-do-forno\/\" \/>\n<meta property=\"og:locale\" content=\"pt_PT\" \/>\n<meta property=\"og:type\" content=\"article\" \/>\n<meta property=\"og:title\" content=\"Instru\u00e7\u00f5es do Forno - The Lumiares\" \/>\n<meta property=\"og:description\" content=\"Instru\u00e7\u00f5es do Forno &nbsp; &nbsp; Instru\u00e7\u00f5es Gerais &nbsp; Passo 1 Pressione o bot\u00e3o direito para ligar o forno Passo 2 [&hellip;]\" \/>\n<meta property=\"og:url\" content=\"https:\/\/www.thelumiares.com\/pt-pt\/instrucoes-do-forno\/\" \/>\n<meta property=\"og:site_name\" content=\"The Lumiares\" \/>\n<meta property=\"article:modified_time\" content=\"2025-09-19T08:44:55+00:00\" \/>\n<meta property=\"og:image\" content=\"https:\/\/www.thelumiares.com\/wp-content\/uploads\/sites\/2\/2022\/08\/pasted-image-0.png\" \/>\n<meta name=\"twitter:card\" content=\"summary_large_image\" \/>\n<meta name=\"twitter:label1\" content=\"Tempo estimado de leitura\" \/>\n\t<meta name=\"twitter:data1\" content=\"2 minutos\" \/>\n<script type=\"application\/ld+json\" class=\"yoast-schema-graph\">{\"@context\":\"https:\\\/\\\/schema.org\",\"@graph\":[{\"@type\":\"WebPage\",\"@id\":\"https:\\\/\\\/www.thelumiares.com\\\/pt-pt\\\/instrucoes-do-forno\\\/\",\"url\":\"https:\\\/\\\/www.thelumiares.com\\\/pt-pt\\\/instrucoes-do-forno\\\/\",\"name\":\"Instru\u00e7\u00f5es do Forno - The Lumiares\",\"isPartOf\":{\"@id\":\"https:\\\/\\\/www.thelumiares.com\\\/pt-pt\\\/#website\"},\"primaryImageOfPage\":{\"@id\":\"https:\\\/\\\/www.thelumiares.com\\\/pt-pt\\\/instrucoes-do-forno\\\/#primaryimage\"},\"image\":{\"@id\":\"https:\\\/\\\/www.thelumiares.com\\\/pt-pt\\\/instrucoes-do-forno\\\/#primaryimage\"},\"thumbnailUrl\":\"https:\\\/\\\/www.thelumiares.com\\\/wp-content\\\/uploads\\\/sites\\\/2\\\/2022\\\/08\\\/pasted-image-0.png\",\"datePublished\":\"2022-08-17T14:52:15+00:00\",\"dateModified\":\"2025-09-19T08:44:55+00:00\",\"breadcrumb\":{\"@id\":\"https:\\\/\\\/www.thelumiares.com\\\/pt-pt\\\/instrucoes-do-forno\\\/#breadcrumb\"},\"inLanguage\":\"pt-PT\",\"potentialAction\":[{\"@type\":\"ReadAction\",\"target\":[\"https:\\\/\\\/www.thelumiares.com\\\/pt-pt\\\/instrucoes-do-forno\\\/\"]}]},{\"@type\":\"ImageObject\",\"inLanguage\":\"pt-PT\",\"@id\":\"https:\\\/\\\/www.thelumiares.com\\\/pt-pt\\\/instrucoes-do-forno\\\/#primaryimage\",\"url\":\"https:\\\/\\\/www.thelumiares.com\\\/wp-content\\\/uploads\\\/sites\\\/2\\\/2022\\\/08\\\/pasted-image-0.png\",\"contentUrl\":\"https:\\\/\\\/www.thelumiares.com\\\/wp-content\\\/uploads\\\/sites\\\/2\\\/2022\\\/08\\\/pasted-image-0.png\"},{\"@type\":\"BreadcrumbList\",\"@id\":\"https:\\\/\\\/www.thelumiares.com\\\/pt-pt\\\/instrucoes-do-forno\\\/#breadcrumb\",\"itemListElement\":[{\"@type\":\"ListItem\",\"position\":1,\"name\":\"Home\",\"item\":\"https:\\\/\\\/www.thelumiares.com\\\/pt-pt\\\/\"},{\"@type\":\"ListItem\",\"position\":2,\"name\":\"Instru\u00e7\u00f5es do Forno\"}]},{\"@type\":\"WebSite\",\"@id\":\"https:\\\/\\\/www.thelumiares.com\\\/pt-pt\\\/#website\",\"url\":\"https:\\\/\\\/www.thelumiares.com\\\/pt-pt\\\/\",\"name\":\"The Lumiares\",\"description\":\"\",\"potentialAction\":[{\"@type\":\"SearchAction\",\"target\":{\"@type\":\"EntryPoint\",\"urlTemplate\":\"https:\\\/\\\/www.thelumiares.com\\\/pt-pt\\\/?s={search_term_string}\"},\"query-input\":{\"@type\":\"PropertyValueSpecification\",\"valueRequired\":true,\"valueName\":\"search_term_string\"}}],\"inLanguage\":\"pt-PT\"}]}<\/script>\n<!-- \/ Yoast SEO plugin. -->","yoast_head_json":{"title":"Instru\u00e7\u00f5es do Forno - The Lumiares","robots":{"index":"index","follow":"follow","max-snippet":"max-snippet:-1","max-image-preview":"max-image-preview:large","max-video-preview":"max-video-preview:-1"},"canonical":"https:\/\/www.thelumiares.com\/pt-pt\/instrucoes-do-forno\/","og_locale":"pt_PT","og_type":"article","og_title":"Instru\u00e7\u00f5es do Forno - The Lumiares","og_description":"Instru\u00e7\u00f5es do Forno &nbsp; &nbsp; Instru\u00e7\u00f5es Gerais &nbsp; Passo 1 Pressione o bot\u00e3o direito para ligar o forno Passo 2 [&hellip;]","og_url":"https:\/\/www.thelumiares.com\/pt-pt\/instrucoes-do-forno\/","og_site_name":"The Lumiares","article_modified_time":"2025-09-19T08:44:55+00:00","og_image":[{"url":"https:\/\/www.thelumiares.com\/wp-content\/uploads\/sites\/2\/2022\/08\/pasted-image-0.png","type":"","width":"","height":""}],"twitter_card":"summary_large_image","twitter_misc":{"Tempo estimado de leitura":"2 minutos"},"schema":{"@context":"https:\/\/schema.org","@graph":[{"@type":"WebPage","@id":"https:\/\/www.thelumiares.com\/pt-pt\/instrucoes-do-forno\/","url":"https:\/\/www.thelumiares.com\/pt-pt\/instrucoes-do-forno\/","name":"Instru\u00e7\u00f5es do Forno - The Lumiares","isPartOf":{"@id":"https:\/\/www.thelumiares.com\/pt-pt\/#website"},"primaryImageOfPage":{"@id":"https:\/\/www.thelumiares.com\/pt-pt\/instrucoes-do-forno\/#primaryimage"},"image":{"@id":"https:\/\/www.thelumiares.com\/pt-pt\/instrucoes-do-forno\/#primaryimage"},"thumbnailUrl":"https:\/\/www.thelumiares.com\/wp-content\/uploads\/sites\/2\/2022\/08\/pasted-image-0.png","datePublished":"2022-08-17T14:52:15+00:00","dateModified":"2025-09-19T08:44:55+00:00","breadcrumb":{"@id":"https:\/\/www.thelumiares.com\/pt-pt\/instrucoes-do-forno\/#breadcrumb"},"inLanguage":"pt-PT","potentialAction":[{"@type":"ReadAction","target":["https:\/\/www.thelumiares.com\/pt-pt\/instrucoes-do-forno\/"]}]},{"@type":"ImageObject","inLanguage":"pt-PT","@id":"https:\/\/www.thelumiares.com\/pt-pt\/instrucoes-do-forno\/#primaryimage","url":"https:\/\/www.thelumiares.com\/wp-content\/uploads\/sites\/2\/2022\/08\/pasted-image-0.png","contentUrl":"https:\/\/www.thelumiares.com\/wp-content\/uploads\/sites\/2\/2022\/08\/pasted-image-0.png"},{"@type":"BreadcrumbList","@id":"https:\/\/www.thelumiares.com\/pt-pt\/instrucoes-do-forno\/#breadcrumb","itemListElement":[{"@type":"ListItem","position":1,"name":"Home","item":"https:\/\/www.thelumiares.com\/pt-pt\/"},{"@type":"ListItem","position":2,"name":"Instru\u00e7\u00f5es do Forno"}]},{"@type":"WebSite","@id":"https:\/\/www.thelumiares.com\/pt-pt\/#website","url":"https:\/\/www.thelumiares.com\/pt-pt\/","name":"The Lumiares","description":"","potentialAction":[{"@type":"SearchAction","target":{"@type":"EntryPoint","urlTemplate":"https:\/\/www.thelumiares.com\/pt-pt\/?s={search_term_string}"},"query-input":{"@type":"PropertyValueSpecification","valueRequired":true,"valueName":"search_term_string"}}],"inLanguage":"pt-PT"}]}},"_links":{"self":[{"href":"https:\/\/www.thelumiares.com\/pt-pt\/wp-json\/wp\/v2\/pages\/5681","targetHints":{"allow":["GET"]}}],"collection":[{"href":"https:\/\/www.thelumiares.com\/pt-pt\/wp-json\/wp\/v2\/pages"}],"about":[{"href":"https:\/\/www.thelumiares.com\/pt-pt\/wp-json\/wp\/v2\/types\/page"}],"author":[{"embeddable":true,"href":"https:\/\/www.thelumiares.com\/pt-pt\/wp-json\/wp\/v2\/users\/1"}],"replies":[{"embeddable":true,"href":"https:\/\/www.thelumiares.com\/pt-pt\/wp-json\/wp\/v2\/comments?post=5681"}],"version-history":[{"count":0,"href":"https:\/\/www.thelumiares.com\/pt-pt\/wp-json\/wp\/v2\/pages\/5681\/revisions"}],"wp:attachment":[{"href":"https:\/\/www.thelumiares.com\/pt-pt\/wp-json\/wp\/v2\/media?parent=5681"}],"curies":[{"name":"wp","href":"https:\/\/api.w.org\/{rel}","templated":true}]}}